{"id":1289,"date":"2020-05-28T17:52:27","date_gmt":"2020-05-28T15:52:27","guid":{"rendered":"http:\/\/daco-art.com\/?page_id=1289"},"modified":"2026-01-26T17:43:51","modified_gmt":"2026-01-26T16:43:51","slug":"biographie-artiste-daco","status":"publish","type":"page","link":"https:\/\/daco-art.com\/index.php\/biographie-artiste-daco\/","title":{"rendered":"Biographie Daco"},"content":{"rendered":"<p><div class=\"fusion-fullwidth fullwidth-box fusion-builder-row-1 nonhundred-percent-fullwidth non-hundred-percent-height-scrolling\" style=\"background-color: rgba(255,255,255,0);background-position: center center;background-repeat: no-repeat;padding-top:0px;padding-right:0px;padding-bottom:0px;padding-left:0px;margin-bottom: 0px;margin-top: 0px;border-width: 0px 0px 0px 0px;border-color:#eae9e9;border-style:solid;\" ><div class=\"fusion-builder-row fusion-row\"><div class=\"fusion-layout-column fusion_builder_column fusion-builder-column-0 fusion_builder_column_2_5 2_5 fusion-two-fifth fusion-column-first\" style=\"width:40%;width:calc(40% - ( ( 4% ) * 0.4 ) );margin-right: 4%;margin-top:0px;margin-bottom:0px;\"><div class=\"fusion-column-wrapper fusion-flex-column-wrapper-legacy\" style=\"background-position:left top;background-repeat:no-repeat;-webkit-background-size:cover;-moz-background-size:cover;-o-background-size:cover;background-size:cover;padding: 0px 0px 18px 0px;\"><div class=\"fusion-column-content-centered\"><div class=\"fusion-column-content\"><div class=\"fusion-sep-clear\"><\/div><div class=\"fusion-separator fusion-full-width-sep\" style=\"margin-left: auto;margin-right: auto;margin-top:10px;margin-bottom:10px;width:100%;\"><\/div><div class=\"fusion-sep-clear\"><\/div><div class=\"imageframe-align-center\"><span class=\" fusion-imageframe imageframe-none imageframe-1 hover-type-none\"><a class=\"fusion-no-lightbox\" href=\"http:\/\/daco-art.com\/\" target=\"_self\" aria-label=\"Daco Logo\"><img width=\"200\" image_height=\"114\" image_id=\"1430\" alt=\"Daco - Street artiste, graffiti\" src=\"https:\/\/daco-art.com\/wp-content\/uploads\/2020\/05\/daco-signature-v2.png\" data-orig-src=\"http:\/\/daco-art.com\/wp-content\/uploads\/2020\/05\/daco-signature-v2-200x114.png\" class=\"lazyload img-responsive wp-image-1430\" srcset=\"data:image\/svg+xml,%3Csvg%20xmlns%3D%27http%3A%2F%2Fwww.w3.org%2F2000%2Fsvg%27%20width%3D%272945%27%20height%3D%271683%27%20viewBox%3D%270%200%202945%201683%27%3E%3Crect%20width%3D%272945%27%20height%3D%2731683%27%20fill-opacity%3D%220%22%2F%3E%3C%2Fsvg%3E\" data-srcset=\"https:\/\/daco-art.com\/wp-content\/uploads\/2020\/05\/daco-signature-v2-200x114.png 200w, https:\/\/daco-art.com\/wp-content\/uploads\/2020\/05\/daco-signature-v2-400x229.png 400w, https:\/\/daco-art.com\/wp-content\/uploads\/2020\/05\/daco-signature-v2-600x343.png 600w, https:\/\/daco-art.com\/wp-content\/uploads\/2020\/05\/daco-signature-v2-800x457.png 800w, https:\/\/daco-art.com\/wp-content\/uploads\/2020\/05\/daco-signature-v2-1200x686.png 1200w, https:\/\/daco-art.com\/wp-content\/uploads\/2020\/05\/daco-signature-v2.png 2945w\" data-sizes=\"auto\" data-orig-sizes=\"(max-width: 800px) 100vw, 600px\" \/><\/a><\/span><\/div><\/div><\/div><div class=\"fusion-clearfix\"><\/div><\/div><\/div><div class=\"fusion-layout-column fusion_builder_column fusion-builder-column-1 fusion_builder_column_3_5 3_5 fusion-three-fifth fusion-column-last fusion-column-no-min-height\" style=\"width:60%;width:calc(60% - ( ( 4% ) * 0.6 ) );margin-top:50px;margin-bottom:0px;\"><div class=\"fusion-column-wrapper fusion-flex-column-wrapper-legacy\" style=\"background-position:left top;background-repeat:no-repeat;-webkit-background-size:cover;-moz-background-size:cover;-o-background-size:cover;background-size:cover;padding: 0px 0px 79px 0px;\"><div class=\"fusion-column-content-centered\"><div class=\"fusion-column-content\"><div class=\"fusion-text fusion-text-1\" style=\"text-align:left;\"><p style=\"text-align: center;\"><a href=\"http:\/\/daco-art.com\/index.php\/murs-graffaunes\/\">Graffaunes <\/a>\u00a0 <a href=\"http:\/\/daco-art.com\/index.php\/murs-graphiques\/\">Constructions <\/a>\u00a0 <a href=\"http:\/\/daco-art.com\/index.php\/expos-partenariats-parutions\/\">Projets\u00a0<\/a>\u00a0 <a href=\"http:\/\/daco-art.com\/index.php\/oeuvres-en-ventes\/\">Shop <\/a>\u00a0 <a href=\"http:\/\/daco-art.com\/index.php\/bio\">Bio <\/a><\/p>\n<\/div><\/div><\/div><div class=\"fusion-clearfix\"><\/div><\/div><\/div><div class=\"fusion-layout-column fusion_builder_column fusion-builder-column-2 fusion_builder_column_1_1 1_1 fusion-one-full fusion-column-first fusion-column-last\" style=\"margin-top:13px;margin-bottom:20px;\"><div class=\"fusion-column-wrapper fusion-flex-column-wrapper-legacy\" style=\"background-position:left top;background-repeat:no-repeat;-webkit-background-size:cover;-moz-background-size:cover;-o-background-size:cover;background-size:cover;padding: 0px 0px 0px 0px;\"><div class=\"fusion-text fusion-text-2\" style=\"text-align:left;\"><h3 style=\"text-align: left;\">Biographie<\/h3>\n<\/div><div class=\"fusion-text fusion-text-3\" style=\"text-align:left;\"><p>J\u2019ai commenc\u00e9 \u00e0 m\u2019int\u00e9resser \u00e0 l\u2019Art sous toutes ses formes d\u00e8s mon plus jeune \u00e2ge. J\u2019ai obtenu mon bac option arts appliqu\u00e9s en 1999, puis mon dipl\u00f4me des Beaux Arts de Nantes et j\u2019ai int\u00e9gr\u00e9 par la suite l\u2019\u00e9cole des Gobelins.<\/p>\n<p>J\u2019ai d\u00e9but\u00e9 le graffiti dans les ann\u00e9es 90 en r\u00e9alisant des lettrages classiques, flops et tags, dans les terrains vagues, sur des trains, des murs, dans des friches\u2026un peu partout en France.<\/p>\n<p>Au fil des ann\u00e9es mon style a \u00e9volu\u00e9 et j\u2019ai tr\u00e8s vite \u00e9t\u00e9 attir\u00e9 par le WildStyle (style de lettre complexe, quasi illisible). Je me suis orient\u00e9 dans un style d\u00e9structur\u00e9, \u00e9clat\u00e9 afin de cr\u00e9er une identit\u00e9 visuelle, un style graphique unique et reconnaissable.<\/p>\n<p>J\u2019ai ensuite d\u00e9ploy\u00e9 mon identit\u00e9 en illustrations, avec ma s\u00e9rie d\u2019animaux \u00ab\u00a0GRAFFAUNE\u00a0\u00bb contraction de graffiti et faune, aux allures g\u00e9om\u00e9triques et color\u00e9es.<\/p>\n<p>Pendant mes \u00e9tudes aux Beaux Arts, j\u2019ai \u00e9t\u00e9 sensibilis\u00e9 par le mouvement brutaliste qui a nourri mon travail au fur et \u00e0 mesure des ann\u00e9es. Je propose des illustrations graphiques, abstraites, dynamiques et color\u00e9es avec des lignes et des aplats afin de surprendre et d\u2019apporter une \u00e9nergie visuelle positive et moderne. Cela a inspir\u00e9 ma seconde s\u00e9rie que j\u2019ai appel\u00e9e \u00ab CONSTRUCTION \u00bb.<\/p>\n<p>Ces derni\u00e8res ann\u00e9es, j\u2019ai particip\u00e9 \u00e0 de nombreux projets : fresques murales, festivals, peintures pour des particuliers et des entreprises, partenariats avec des Mairies en France et des Ambassades, Alliances et Instituts Fran\u00e7ais \u00e0 travers le monde (Sri Lanka, Portugal, Irlande, Tanzanie, Gr\u00e8ce, Espagne, R\u00e9publique Tch\u00e8que, Panama), peintures au sein d\u2019\u00e9coles, de m\u00e9diath\u00e8ques, peintures \u00e0 vocations sociales dans des h\u00f4pitaux, des maisons sp\u00e9cialis\u00e9es, r\u00e9alisation de vitrines de restos, de boutiques, r\u00e9habilitations d\u2019\u00c9coquartiers, partenariats avec des marques de v\u00eatements, ventes aux ench\u00e8res, animations d\u2019ateliers\u2026.<\/p>\n<p>J\u2019aime par-dessus tout partager ma passion. Mon travail s\u2019inscrit dans un processus d\u2019\u00e9change avec les gens, je veux qu\u2019il soit disponible dans la ville et pour la ville en s\u2019adaptant parfaitement aux besoins sp\u00e9cifiques du lieu sur lequel je r\u00e9alise ma cr\u00e9ation.<\/p>\n<p>Je puise mon inspiration principalement dans la rue. Passionn\u00e9 par la peinture, le graffiti, l\u2019urbanisme,\u00a0l\u2019illustration, l\u2019architecture, la typographie, les lettrages en tout genre et les voyages, j\u2019ai fait de la peinture ma passion et mon m\u00e9tier.<\/p>\n<\/div><div class=\"fusion-clearfix\"><\/div><\/div><\/div><\/div><\/div><div class=\"fusion-fullwidth fullwidth-box fusion-builder-row-2 fusion-flex-container nonhundred-percent-fullwidth non-hundred-percent-height-scrolling\" style=\"background-color: rgba(255,255,255,0);background-position: center center;background-repeat: no-repeat;border-width: 0px 0px 0px 0px;border-color:#eae9e9;border-style:solid;\" ><div class=\"fusion-builder-row fusion-row fusion-flex-align-items-flex-start\" style=\"max-width:1216.8px;margin-left: calc(-4% \/ 2 );margin-right: calc(-4% \/ 2 );\"><div class=\"fusion-layout-column fusion_builder_column fusion-builder-column-3 fusion_builder_column_2_3 2_3 fusion-flex-column\"><div class=\"fusion-column-wrapper fusion-flex-justify-content-flex-start fusion-content-layout-column\" style=\"background-position:left top;background-repeat:no-repeat;-webkit-background-size:cover;-moz-background-size:cover;-o-background-size:cover;background-size:cover;padding: 0px 0px 0px 0px;\"><div class=\"fusion-text fusion-text-4\" style=\"text-align:left;\"><h3>Ev\u00e9nements<\/h3>\n<p><strong><em>2025<\/em><\/strong><\/p>\n<ul>\n<li>Fresque \u00e9cole \u00e9l\u00e9mentaire des Lyonnais &#8211; Paris 75005, France<\/li>\n<li>Festival Gemellarte &#8211; Terni, Italie<\/li>\n<li>\u0152uvres sur pyl\u00f4nes &#8211; Villeneuve Saint Georges, France<\/li>\n<li>Festival Carrousel de l&rsquo;art &#8211; Antony, France<\/li>\n<li>R\u00e9alisation de 2 fresques avec la bailleur social Logirep &#8211; Bezons, France<\/li>\n<li>Festival Grimaud Art Urbain &#8211; Grimaud, France<\/li>\n<li>Festival Street Art Super Walls, Padoue, Italie<\/li>\n<\/ul>\n<p><strong><em>2024<\/em><\/strong><\/p>\n<ul>\n<li>Festival Sentier des Arts &#8211; Semussac, France<\/li>\n<li>Festival Urb&rsquo;Art &#8211; Argeles sur mer, France<\/li>\n<li>Festival San Hejmo, Allemagne<\/li>\n<li>Caorle Sea Festival 2024 &#8211; Caorle, Italie<\/li>\n<li>5 Fresques avec\u00a0 le bailleur social Heneo &#8211; 75017, Paris<\/li>\n<\/ul>\n<p><strong><em>2023<\/em><\/strong><\/p>\n<ul>\n<li>Fresque avec M\u00e9tropole Rouen<\/li>\n<li>Exposition Porsche Legacy avec la Galerie Sakura &#8211; Paris<\/li>\n<li>Parcours de street art Yes We Can &#8211; Fresque XXL &#8211; Jette, Belgique<\/li>\n<li>Collaboration Perrier &amp; Daco \u00e0 Roland Garros &#8211; 75016, Paris<\/li>\n<li>Fresques pour Novaxia &#8211; 75015, Paris<\/li>\n<li>Biennale Street Art Festival &#8211; Padoue, Italie<\/li>\n<li>Fresque pour CBRE &#8211; Courbevoie, 92400, France<\/li>\n<li>Fresque pour les Restos du C\u0153ur &#8211; 75019, Paris<\/li>\n<li>Expo Solo au th\u00e9\u00e2tre de l&rsquo;Europ\u00e9en &#8211; 75017, Paris<\/li>\n<li>Fresque au Havre &#8211; 76102, France<\/li>\n<li>Fresque \u00e0 Saint Genis Laval &#8211; 69204, Lyon<\/li>\n<\/ul>\n<p><strong><em>2022<\/em><\/strong><\/p>\n<ul>\n<li>Festival San Hejmo, Allemagne<\/li>\n<li>Collaboration avec Perrier<\/li>\n<li>Fresque \u00e0 Port-J\u00e9r\u00f4me-sur-Seine &#8211; 76170, France<\/li>\n<li>Fresque pour les Restos du Coeur &#8211; Paris 75019, France<\/li>\n<li>Fresque avec la Mairie &#8211; Bardouville, Normandie, France<\/li>\n<li>Fresque sur container &#8211; Eitting, Allemagne<\/li>\n<li>Fresque avec l&rsquo;Ambassade de France &#8211; Panama City, Panama<\/li>\n<\/ul>\n<p><strong><em>2021<\/em><\/strong><\/p>\n<ul>\n<li>Fresque sur le Mur de Mouans-Sartoux avec l&rsquo;association Unwhite It &#8211; Mouans-Sartoux, France<\/li>\n<li>Fresque pour le Secours Populaire des Pays de Loire &#8211; Nantes, France<\/li>\n<li>Pompei Street Art festival &#8211; Pompei, Italie<\/li>\n<li>Fresque Graffaune Biodiversit\u00e9 avec l&rsquo;association Bellevue fait le mur &#8211; Brest, France<\/li>\n<li>Fresque Graffaune Oiseaux avec Paris Habitat et la Mairie au 20 rue de la Folie Regnault &#8211; 75011 Paris, France<\/li>\n<li>Peinture murale au bar de L&rsquo;\u00e2ge d&rsquo;or &#8211; 75013 Paris, France<\/li>\n<li>Street Art Fest &#8211; Grenoble, France<\/li>\n<li>Biennale Street Art Festival &#8211; Padoue, Italie<\/li>\n<li>Collaboration avec Vangart pour une s\u00e9rie de broderies sur toiles tendues sur ch\u00e2ssis<\/li>\n<\/ul>\n<p><strong><em>2020<\/em><\/strong><\/p>\n<ul>\n<li>Partenariat Vangart pour une ligne de sweat-shirts brod\u00e9s collection FW 20\/21<\/li>\n<li>Partenariat Agn\u00e8s b. pour une ligne de v\u00eatements collection FW 20\/21<\/li>\n<li>Commande de fresques &#8211; Ville Duclair, France<\/li>\n<li>Festival Urban Jungle &#8211; Bagneux, France<\/li>\n<li>Festival Street Art Clos du ch\u00eane &#8211; Marne la vall\u00e9e, France<\/li>\n<li>Partenariat avec Canada Goose pour la r\u00e9alisation des vitrines rue Royale &#8211; Paris, France<\/li>\n<li>Festival Street art de la coul\u00e9e verte &#8211; 75012 Paris, France<\/li>\n<li>Fresques air, terre, mer &#8211; Palaiseau, France<\/li>\n<li>Fresque Mairie \u00a0&#8211; Vanves, France<\/li>\n<\/ul>\n<p><strong><em>2019<\/em><\/strong><\/p>\n<ul>\n<li>Festival Ceci n\u2019est pas un Tag &#8211; Saint Quentin, France<\/li>\n<li>Street art Festival &#8211; Torrefarrera, Espagne<\/li>\n<li>Festival Le Mur du Souffle &#8211; Bruges, France<\/li>\n<li>Festival Bonjour Brno &#8211; R\u00e9publique Tch\u00e8que<\/li>\n<li>Festiwall &#8211; 75019 Paris, France<\/li>\n<\/ul>\n<p><strong><em>2018<\/em><\/strong><\/p>\n<ul>\n<li>French Spring Festival &#8211; Colombo &amp; Kandy, Sri Lanka<\/li>\n<li>Safir Festival &#8211; Roche-la-Moli\u00e8re<\/li>\n<li>Festiwall &#8211; 75019 Paris, France<\/li>\n<li>Festival 7Ply &#8211; Thessalonique, Gr\u00e8ce<\/li>\n<li>Partenariat avec Disney pour les 90 ans de Mickey &#8211; Paris, France<\/li>\n<\/ul>\n<p><strong><em>2017<\/em><\/strong><\/p>\n<ul>\n<li>Label Valette Festival &#8211; Montargis, France<\/li>\n<li>Festiwall &#8211; 75019 Paris, France<\/li>\n<li>Peinture murale avec Quai36 &#8211; Mont\u00e9vrain, France<\/li>\n<li>Ventes aux ench\u00e8res d&rsquo;art Urbain Hugues Taquet<\/li>\n<\/ul>\n<p><strong><em>2016<\/em><\/strong><\/p>\n<ul>\n<li>Peinture murale a Street Art City\u00a0 &#8211; Lurcy Levy, France<\/li>\n<li>Live painting \u00e0 la Braderie de l&rsquo;art &#8211; Roubaix, France<\/li>\n<li>Ventes aux ench\u00e8res pour l&rsquo;association Projet Plus Action<\/li>\n<\/ul>\n<h3>Expo solo<\/h3>\n<ul>\n<li>Galerie Vanaura &#8211; Versailles, France<\/li>\n<li>Galerie Carole Kvasnevski &#8211; Paris, France<\/li>\n<li>Espace Ferry &#8211; Palaiseau, France<\/li>\n<li>Galerie Studio 83 &#8211; Taipei, Taiwan<\/li>\n<\/ul>\n<h3>Expo collectives<\/h3>\n<ul>\n<li>Galerie Sakura &#8211; Paris, France<\/li>\n<li>Galerie 8 &#8211; Hong Kong<\/li>\n<li>Galerie 59 Rivoli &#8211; Paris, France<\/li>\n<li>Galerie Akiza &#8211; Paris, France<\/li>\n<\/ul>\n<\/div><\/div><\/div><style type=\"text\/css\">.fusion-body .fusion-builder-column-3{width:66.666666666667% !important;margin-top : 0px;margin-bottom : 0px;}.fusion-builder-column-3 > .fusion-column-wrapper {padding-top : 0px !important;padding-right : 0px !important;margin-right : 2.88%;padding-bottom : 0px !important;padding-left : 0px !important;margin-left : 2.88%;}@media only screen and (max-width:1024px) {.fusion-body .fusion-builder-column-3{width:100% !important;order : 0;}.fusion-builder-column-3 > .fusion-column-wrapper {margin-right : 1.92%;margin-left : 1.92%;}}@media only screen and (max-width:640px) {.fusion-body .fusion-builder-column-3{width:100% !important;order : 0;}.fusion-builder-column-3 > .fusion-column-wrapper {margin-right : 1.92%;margin-left : 1.92%;}}<\/style><\/div><style type=\"text\/css\">.fusion-body .fusion-flex-container.fusion-builder-row-2{ padding-top : 0px;margin-top : 0px;padding-right : 0px;padding-bottom : 0px;margin-bottom : 0px;padding-left : 0px;}<\/style><\/div><\/p>\n","protected":false},"excerpt":{"rendered":"","protected":false},"author":1,"featured_media":0,"parent":0,"menu_order":0,"comment_status":"closed","ping_status":"closed","template":"","meta":[],"yoast_head":"<!-- This site is optimized with the Yoast SEO plugin v15.2.1 - https:\/\/yoast.com\/wordpress\/plugins\/seo\/ -->\n<title>Daco - Street artiste fran\u00e7ais, peintures, spray art, graffiti - Biographie Daco<\/title>\n<meta name=\"description\" content=\"Daco commence le graffiti dans les ann\u00e9es 90, passionn\u00e9 par la peinture, l\u2019urbanisme, l\u2019illustration, la typographie...\" \/>\n<meta name=\"robots\" content=\"index, follow, max-snippet:-1, max-image-preview:large, max-video-preview:-1\" \/>\n<link rel=\"canonical\" href=\"https:\/\/daco-art.com\/index.php\/biographie-artiste-daco\/\" \/>\n<meta property=\"og:locale\" content=\"fr_FR\" \/>\n<meta property=\"og:type\" content=\"article\" \/>\n<meta property=\"og:title\" content=\"Daco - Street artiste fran\u00e7ais, peintures, spray art, graffiti - Biographie Daco\" \/>\n<meta property=\"og:description\" content=\"Daco commence le graffiti dans les ann\u00e9es 90, passionn\u00e9 par la peinture, l\u2019urbanisme, l\u2019illustration, la typographie...\" \/>\n<meta property=\"og:url\" content=\"https:\/\/daco-art.com\/index.php\/biographie-artiste-daco\/\" \/>\n<meta property=\"og:site_name\" content=\"Daco\" \/>\n<meta property=\"article:modified_time\" content=\"2026-01-26T16:43:51+00:00\" \/>\n<meta name=\"twitter:card\" content=\"summary_large_image\" \/>\n<meta name=\"twitter:label1\" content=\"\u00c9crit par\">\n\t<meta name=\"twitter:data1\" content=\"admin3158\">\n\t<meta name=\"twitter:label2\" content=\"Dur\u00e9e de lecture est.\">\n\t<meta name=\"twitter:data2\" content=\"12 minutes\">\n<script type=\"application\/ld+json\" class=\"yoast-schema-graph\">{\"@context\":\"https:\/\/schema.org\",\"@graph\":[{\"@type\":\"WebSite\",\"@id\":\"https:\/\/daco-art.com\/#website\",\"url\":\"https:\/\/daco-art.com\/\",\"name\":\"Daco\",\"description\":\"Street artiste fran\\u00e7ais, peintures, spray art, graffiti\",\"potentialAction\":[{\"@type\":\"SearchAction\",\"target\":\"https:\/\/daco-art.com\/?s={search_term_string}\",\"query-input\":\"required name=search_term_string\"}],\"inLanguage\":\"fr-FR\"},{\"@type\":\"WebPage\",\"@id\":\"https:\/\/daco-art.com\/index.php\/biographie-artiste-daco\/#webpage\",\"url\":\"https:\/\/daco-art.com\/index.php\/biographie-artiste-daco\/\",\"name\":\"Daco - Street artiste fran\\u00e7ais, peintures, spray art, graffiti - Biographie Daco\",\"isPartOf\":{\"@id\":\"https:\/\/daco-art.com\/#website\"},\"datePublished\":\"2020-05-28T15:52:27+00:00\",\"dateModified\":\"2026-01-26T16:43:51+00:00\",\"description\":\"Daco commence le graffiti dans les ann\\u00e9es 90, passionn\\u00e9 par la peinture, l\\u2019urbanisme, l\\u2019illustration, la typographie...\",\"inLanguage\":\"fr-FR\",\"potentialAction\":[{\"@type\":\"ReadAction\",\"target\":[\"https:\/\/daco-art.com\/index.php\/biographie-artiste-daco\/\"]}]}]}<\/script>\n<!-- \/ Yoast SEO plugin. -->","_links":{"self":[{"href":"https:\/\/daco-art.com\/index.php\/wp-json\/wp\/v2\/pages\/1289"}],"collection":[{"href":"https:\/\/daco-art.com\/index.php\/wp-json\/wp\/v2\/pages"}],"about":[{"href":"https:\/\/daco-art.com\/index.php\/wp-json\/wp\/v2\/types\/page"}],"author":[{"embeddable":true,"href":"https:\/\/daco-art.com\/index.php\/wp-json\/wp\/v2\/users\/1"}],"replies":[{"embeddable":true,"href":"https:\/\/daco-art.com\/index.php\/wp-json\/wp\/v2\/comments?post=1289"}],"version-history":[{"count":54,"href":"https:\/\/daco-art.com\/index.php\/wp-json\/wp\/v2\/pages\/1289\/revisions"}],"predecessor-version":[{"id":3916,"href":"https:\/\/daco-art.com\/index.php\/wp-json\/wp\/v2\/pages\/1289\/revisions\/3916"}],"wp:attachment":[{"href":"https:\/\/daco-art.com\/index.php\/wp-json\/wp\/v2\/media?parent=1289"}],"curies":[{"name":"wp","href":"https:\/\/api.w.org\/{rel}","templated":true}]}}